{"id":4544,"date":"2024-11-27T15:55:52","date_gmt":"2024-11-27T14:55:52","guid":{"rendered":"https:\/\/campingaupaysdehanau.com\/?page_id=4544"},"modified":"2026-04-13T17:51:32","modified_gmt":"2026-04-13T15:51:32","slug":"conditions-generales-de-vente","status":"publish","type":"page","link":"https:\/\/campingaupaysdehanau.com\/en\/conditions-generales-de-vente\/","title":{"rendered":"Terms and conditions"},"content":{"rendered":"<p>[et_pb_section fb_built=\u00a0\u00bb1&Prime; _builder_version=\u00a0\u00bb4.27.6&Prime; _module_preset=\u00a0\u00bbdefault\u00a0\u00bb custom_padding=\u00a0\u00bb0px||||false|false\u00a0\u00bb da_disable_devices=\u00a0\u00bboff|off|off\u00a0\u00bb global_colors_info=\u00a0\u00bb{}\u00a0\u00bb da_is_popup=\u00a0\u00bboff\u00a0\u00bb da_exit_intent=\u00a0\u00bboff\u00a0\u00bb da_has_close=\u00a0\u00bbon\u00a0\u00bb da_alt_close=\u00a0\u00bboff\u00a0\u00bb da_dark_close=\u00a0\u00bboff\u00a0\u00bb da_not_modal=\u00a0\u00bbon\u00a0\u00bb da_is_singular=\u00a0\u00bboff\u00a0\u00bb da_with_loader=\u00a0\u00bboff\u00a0\u00bb da_has_shadow=\u00a0\u00bbon\u00a0\u00bb][et_pb_row _builder_version=\u00a0\u00bb4.27.6&Prime; _module_preset=\u00a0\u00bbdefault\u00a0\u00bb width=\u00a0\u00bb90%\u00a0\u00bb global_colors_info=\u00a0\u00bb{}\u00a0\u00bb][et_pb_column type=\u00a0\u00bb4_4&Prime; _builder_version=\u00a0\u00bb4.27.4&Prime; _module_preset=\u00a0\u00bbdefault\u00a0\u00bb global_colors_info=\u00a0\u00bb{}\u00a0\u00bb][et_pb_text _builder_version=\u00a0\u00bb4.27.6&Prime; _module_preset=\u00a0\u00bbdefault\u00a0\u00bb header_font_size=\u00a0\u00bb45px\u00a0\u00bb header_line_height=\u00a0\u00bb1.7em\u00a0\u00bb header_2_font_size=\u00a0\u00bb32px\u00a0\u00bb header_2_line_height=\u00a0\u00bb1.7em\u00a0\u00bb header_3_font_size=\u00a0\u00bb25px\u00a0\u00bb header_3_line_height=\u00a0\u00bb1.4em\u00a0\u00bb header_font_size_tablet=\u00a0\u00bb45px\u00a0\u00bb header_font_size_phone=\u00a0\u00bb30px\u00a0\u00bb header_font_size_last_edited=\u00a0\u00bbon|desktop\u00a0\u00bb header_2_font_size_tablet=\u00a0\u00bb32px\u00a0\u00bb header_2_font_size_phone=\u00a0\u00bb22px\u00a0\u00bb header_2_font_size_last_edited=\u00a0\u00bbon|desktop\u00a0\u00bb header_3_font_size_tablet=\u00a0\u00bb20px\u00a0\u00bb header_3_font_size_phone=\u00a0\u00bb20px\u00a0\u00bb header_3_font_size_last_edited=\u00a0\u00bbon|phone\u00a0\u00bb global_colors_info=\u00a0\u00bb{}\u00a0\u00bb]<\/p>\n<h1><strong>S\u00e9jour en camping en toute s\u00e9r\u00e9nit\u00e9<\/strong><\/h1>\n<p>Bienvenue dans notre camping !<\/p>\n<p>Retrouvez ici toutes les informations utiles pour r\u00e9server votre s\u00e9jour en toute tranquillit\u00e9.<\/p>\n<p>Ceci est <strong>un r\u00e9sum\u00e9 des Conditions G\u00e9n\u00e9rales de Vente<\/strong>. Si vous souhaitez consulter le texte en int\u00e9gralit\u00e9, veuillez cliquer sur le lien suivant :<\/p>\n<p>[\/et_pb_text][\/et_pb_column][\/et_pb_row][et_pb_row column_structure=\u00a0\u00bb1_2,1_2&Prime; _builder_version=\u00a0\u00bb4.27.6&Prime; _module_preset=\u00a0\u00bbdefault\u00a0\u00bb global_colors_info=\u00a0\u00bb{}\u00a0\u00bb][et_pb_column type=\u00a0\u00bb1_2&Prime; _builder_version=\u00a0\u00bb4.27.6&Prime; _module_preset=\u00a0\u00bbdefault\u00a0\u00bb global_colors_info=\u00a0\u00bb{}\u00a0\u00bb][et_pb_button button_url=\u00a0\u00bbhttps:\/\/campingaupaysdehanau.com\/wp-content\/uploads\/2026\/04\/CONDITIONS-GENERALES-DE-VENTE-2026.pdf\u00a0\u00bb url_new_window=\u00a0\u00bbon\u00a0\u00bb button_text=\u00a0\u00bbTexte integral CGV\u00a0\u00bb _builder_version=\u00a0\u00bb4.27.6&Prime; _module_preset=\u00a0\u00bbdefault\u00a0\u00bb global_colors_info=\u00a0\u00bb{}\u00a0\u00bb][\/et_pb_button][\/et_pb_column][et_pb_column type=\u00a0\u00bb1_2&Prime; _builder_version=\u00a0\u00bb4.27.6&Prime; _module_preset=\u00a0\u00bbdefault\u00a0\u00bb global_colors_info=\u00a0\u00bb{}\u00a0\u00bb][et_pb_button button_url=\u00a0\u00bbhttps:\/\/campingaupaysdehanau.com\/wp-content\/uploads\/2026\/04\/TERMS-AND-CONDITIONS-2026.pdf\u00a0\u00bb url_new_window=\u00a0\u00bbon\u00a0\u00bb button_text=\u00a0\u00bbFull text T&#038;C\u00a0\u00bb _builder_version=\u00a0\u00bb4.27.6&Prime; _module_preset=\u00a0\u00bbdefault\u00a0\u00bb hover_enabled=\u00a0\u00bb0&Prime; global_colors_info=\u00a0\u00bb{}\u00a0\u00bb sticky_enabled=\u00a0\u00bb0&Prime;][\/et_pb_button][\/et_pb_column][\/et_pb_row][et_pb_row _builder_version=\u00a0\u00bb4.27.6&Prime; _module_preset=\u00a0\u00bbdefault\u00a0\u00bb width=\u00a0\u00bb90%\u00a0\u00bb custom_padding=\u00a0\u00bb0px|||0px|false|false\u00a0\u00bb global_colors_info=\u00a0\u00bb{}\u00a0\u00bb][et_pb_column type=\u00a0\u00bb4_4&Prime; _builder_version=\u00a0\u00bb4.27.6&Prime; _module_preset=\u00a0\u00bbdefault\u00a0\u00bb global_colors_info=\u00a0\u00bb{}\u00a0\u00bb][et_pb_text _builder_version=\u00a0\u00bb4.27.6&Prime; _module_preset=\u00a0\u00bbdefault\u00a0\u00bb header_2_font_size=\u00a0\u00bb32px\u00a0\u00bb header_2_line_height=\u00a0\u00bb1.6em\u00a0\u00bb custom_padding=\u00a0\u00bb||0px|||\u00a0\u00bb header_2_font_size_tablet=\u00a0\u00bb32px\u00a0\u00bb header_2_font_size_phone=\u00a0\u00bb22px\u00a0\u00bb header_2_font_size_last_edited=\u00a0\u00bbon|phone\u00a0\u00bb global_colors_info=\u00a0\u00bb{}\u00a0\u00bb]<\/p>\n<p><strong>R\u00e9server votre s\u00e9jour au camping<\/strong><\/p>\n<p>Vous pouvez r\u00e9server votre s\u00e9jour :<\/p>\n<ul>\n<li>\u00a0directement en ligne<\/li>\n<li>\u00a0ou par email (frais de dossier 15\u20ac)<\/li>\n<\/ul>\n<p>Votre r\u00e9servation est confirm\u00e9e apr\u00e8s validation de notre part.<\/p>\n<p>Elle est nominative et non cessible.<\/p>\n<p>&nbsp;<\/p>\n<p>R\u00e9servations de groupe<\/p>\n<p>\u00c0 partir de :<\/p>\n<ul>\n<li>\u00a03 h\u00e9bergements<\/li>\n<li>\u00a0ou 3 emplacements<\/li>\n<\/ul>\n<p>votre demande est consid\u00e9r\u00e9e comme un groupe.<\/p>\n<p>Merci de nous contacter directement : nous \u00e9tudierons votre demande avant validation.<\/p>\n<p>&nbsp;<\/p>\n<p>Emplacement sans r\u00e9servation<\/p>\n<p>Les emplacements nus peuvent \u00eatre propos\u00e9s sans r\u00e9servation, selon disponibilit\u00e9 \u00e0 votre arriv\u00e9e. (Frais de dossier 3\u20ac)<\/p>\n<p>[\/et_pb_text][\/et_pb_column][\/et_pb_row][et_pb_row _builder_version=\u00a0\u00bb4.27.6&Prime; _module_preset=\u00a0\u00bbdefault\u00a0\u00bb width=\u00a0\u00bb90%\u00a0\u00bb global_colors_info=\u00a0\u00bb{}\u00a0\u00bb][et_pb_column type=\u00a0\u00bb4_4&Prime; _builder_version=\u00a0\u00bb4.27.6&Prime; _module_preset=\u00a0\u00bbdefault\u00a0\u00bb global_colors_info=\u00a0\u00bb{}\u00a0\u00bb][et_pb_text _builder_version=\u00a0\u00bb4.27.6&Prime; _module_preset=\u00a0\u00bbdefault\u00a0\u00bb header_2_font_size=\u00a0\u00bb32px\u00a0\u00bb header_2_line_height=\u00a0\u00bb1.6em\u00a0\u00bb header_2_font_size_tablet=\u00a0\u00bb32px\u00a0\u00bb header_2_font_size_phone=\u00a0\u00bb22px\u00a0\u00bb header_2_font_size_last_edited=\u00a0\u00bbon|phone\u00a0\u00bb global_colors_info=\u00a0\u00bb{}\u00a0\u00bb]<\/p>\n<p><strong>Tarifs du camping<\/strong><\/p>\n<ul>\n<li>Prix indiqu\u00e9s en euros TTC<\/li>\n<li>Tarifs valables au moment de la r\u00e9servation<\/li>\n<li>Taxe de s\u00e9jour en suppl\u00e9ment. Elle est due par personne adulte et par nuit..<\/li>\n<li>Frais de dossier pour les groupes, Vacaf, les r\u00e9servations par mail et les arriv\u00e9s sans r\u00e9servation<\/li>\n<\/ul>\n<p><strong>Acompte \u00e0 la r\u00e9servation<\/strong><\/p>\n<p>Un acompte de 30% est demand\u00e9 (minimum 8\u20ac pour un emplacement).<\/p>\n<p>Cet acompte est non remboursable, mais peut \u00eatre transform\u00e9 en avoir. Uniquement pour les r\u00e9servations individuelles. Valable sur la saison en cours uniquement.<\/p>\n<p><strong>Paiement du solde<\/strong><\/p>\n<p>H\u00e9bergements : \u00e0 r\u00e9gler 15 jours avant l\u2019arriv\u00e9e.<\/p>\n<p>Exception : sur demande \u00e9crite et apr\u00e8s notre acceptation, le solde peut \u00eatre r\u00e9gl\u00e9 \u00e0 l\u2019arriv\u00e9e en ch\u00e8ques vacances.<\/p>\n<p>Emplacements : paiement du solde \u00e0 l\u2019arriv\u00e9e.<\/p>\n<p>Groupes\u00a0: \u00e0 r\u00e9gler 30 jours avant l\u2019arriv\u00e9e.<\/p>\n<p><strong>Moyens de paiement accept\u00e9s<\/strong><\/p>\n<ul>\n<li>\u00a0Carte bancaire<\/li>\n<li>\u00a0Esp\u00e8ces<\/li>\n<li>\u00a0Virement<\/li>\n<li>\u00a0Ch\u00e8ques vacances \/ Ch\u00e8ques vacances Connect \/ VACAF<\/li>\n<\/ul>\n<p>[\/et_pb_text][\/et_pb_column][\/et_pb_row][et_pb_row _builder_version=\u00a0\u00bb4.27.6&Prime; _module_preset=\u00a0\u00bbdefault\u00a0\u00bb width=\u00a0\u00bb90%\u00a0\u00bb custom_padding=\u00a0\u00bb0px|||0px|false|false\u00a0\u00bb global_colors_info=\u00a0\u00bb{}\u00a0\u00bb][et_pb_column type=\u00a0\u00bb4_4&Prime; _builder_version=\u00a0\u00bb4.27.6&Prime; _module_preset=\u00a0\u00bbdefault\u00a0\u00bb global_colors_info=\u00a0\u00bb{}\u00a0\u00bb][et_pb_text _builder_version=\u00a0\u00bb4.27.6&Prime; _module_preset=\u00a0\u00bbdefault\u00a0\u00bb header_2_font_size=\u00a0\u00bb32px\u00a0\u00bb header_2_line_height=\u00a0\u00bb1.6em\u00a0\u00bb header_2_font_size_tablet=\u00a0\u00bb32px\u00a0\u00bb header_2_font_size_phone=\u00a0\u00bb22px\u00a0\u00bb header_2_font_size_last_edited=\u00a0\u00bbon|phone\u00a0\u00bb global_colors_info=\u00a0\u00bb{}\u00a0\u00bb]<\/p>\n<p><strong>D\u00e9roulement de votre s\u00e9jour<\/strong><\/p>\n<p>Horaires<\/p>\n<p>Arriv\u00e9e : \u00e0 partir de 16h<\/p>\n<p>D\u00e9part :<\/p>\n<ul>\n<li>\u00a0H\u00e9bergement : avant 11h<\/li>\n<li>\u00a0Emplacement : avant 13h<\/li>\n<\/ul>\n<p><strong>Capacit\u00e9 d\u2019accueil<\/strong><\/p>\n<p>Chaque h\u00e9bergement ou emplacement est pr\u00e9vu pour un nombre de personnes et de v\u00e9hicule pr\u00e9cis.<\/p>\n<p>Emplacement\u00a0: 6 personnes maximum et 1 v\u00e9hicule<\/p>\n<p>H\u00e9bergement\u00a0: en fonction du type d\u2019h\u00e9bergement choisi, de 4 \u00e0 6 personnes maximum, et 1 v\u00e9hicule<\/p>\n<p><strong>M\u00e9nage<\/strong><\/p>\n<p>Le logement doit \u00eatre rendu propre. Sinon, la somme forfaitaire de 60\u20ac sera retir\u00e9e de la caution.<\/p>\n<p>Option m\u00e9nage de fin de s\u00e9jour de 40\u20ac est r\u00e9servable jusqu\u2019\u00e0 36h avant votre d\u00e9part. (Hors nettoyage de la vaisselle et poubelles).<\/p>\n<p>Si vous vous chargez du nettoyage par vos soins, n\u2019oubliez pas les produits d\u2019entretien.<\/p>\n<p><strong>Caution<\/strong><\/p>\n<ul>\n<li>\u00a0Montant : 200\u20ac en carte de cr\u00e9dit ou esp\u00e8ce uniquement<\/li>\n<li>\u00a0Demand\u00e9e \u00e0 l\u2019arriv\u00e9e (h\u00e9bergements uniquement)<\/li>\n<\/ul>\n<p><strong>Animaux accept\u00e9s<\/strong><\/p>\n<p>Vos animaux sont les bienvenus (max. 2 par s\u00e9jour, avec suppl\u00e9ment).<\/p>\n<p>Conditions :<\/p>\n<ul>\n<li>tenus en laisse<\/li>\n<li>vaccinations \u00e0 jour<\/li>\n<li>ne pas les laisser seuls<\/li>\n<li>respect de la propret\u00e9<\/li>\n<\/ul>\n<p>Chiens de cat\u00e9gorie 1 et 2 non autoris\u00e9s.<\/p>\n<p>[\/et_pb_text][\/et_pb_column][\/et_pb_row][et_pb_row _builder_version=\u00a0\u00bb4.27.6&Prime; _module_preset=\u00a0\u00bbdefault\u00a0\u00bb width=\u00a0\u00bb90%\u00a0\u00bb custom_padding=\u00a0\u00bb0px|||0px|false|false\u00a0\u00bb global_colors_info=\u00a0\u00bb{}\u00a0\u00bb][et_pb_column type=\u00a0\u00bb4_4&Prime; _builder_version=\u00a0\u00bb4.27.6&Prime; _module_preset=\u00a0\u00bbdefault\u00a0\u00bb global_colors_info=\u00a0\u00bb{}\u00a0\u00bb][et_pb_text _builder_version=\u00a0\u00bb4.27.6&Prime; _module_preset=\u00a0\u00bbdefault\u00a0\u00bb header_2_font_size=\u00a0\u00bb32px\u00a0\u00bb header_2_line_height=\u00a0\u00bb1.6em\u00a0\u00bb header_2_font_size_tablet=\u00a0\u00bb32px\u00a0\u00bb header_2_font_size_phone=\u00a0\u00bb22px\u00a0\u00bb header_2_font_size_last_edited=\u00a0\u00bbon|phone\u00a0\u00bb global_colors_info=\u00a0\u00bb{}\u00a0\u00bb]<\/p>\n<p><strong>Modification de s\u00e9jour<\/strong><\/p>\n<p>Possible jusqu\u2019\u00e0 :<\/p>\n<ul>\n<li>15 jours avant l\u2019arriv\u00e9e<\/li>\n<li>30 jours pour les groupes<\/li>\n<\/ul>\n<p>\u00a0Selon disponibilit\u00e9s uniquement<\/p>\n<p>Important :<\/p>\n<ul>\n<li>Le s\u00e9jour ne peut pas \u00eatre raccourci<\/li>\n<li>Une modification peut entra\u00eener un ajustement de tarif<\/li>\n<\/ul>\n<p><strong>Annulation<\/strong><\/p>\n<p>L\u2019acompte reste acquis.<\/p>\n<p>Les frais de dossier ne sont pas rembours\u00e9s.<\/p>\n<p><strong>Arriv\u00e9e tardive \/ d\u00e9part anticip\u00e9<\/strong><\/p>\n<p>Aucun remboursement ne pourra \u00eatre effectu\u00e9.<\/p>\n<p><strong>Assurance<\/strong><\/p>\n<p>Une assurance annulation peut \u00eatre propos\u00e9e lors de la r\u00e9servation.<\/p>\n<p>Vous pouvez \u00e9galement souscrire une assurance de votre c\u00f4t\u00e9.<\/p>\n<p>[\/et_pb_text][\/et_pb_column][\/et_pb_row][et_pb_row _builder_version=\u00a0\u00bb4.27.6&Prime; _module_preset=\u00a0\u00bbdefault\u00a0\u00bb width=\u00a0\u00bb90%\u00a0\u00bb custom_padding=\u00a0\u00bb0px|||0px|false|false\u00a0\u00bb global_colors_info=\u00a0\u00bb{}\u00a0\u00bb][et_pb_column type=\u00a0\u00bb4_4&Prime; _builder_version=\u00a0\u00bb4.27.6&Prime; _module_preset=\u00a0\u00bbdefault\u00a0\u00bb global_colors_info=\u00a0\u00bb{}\u00a0\u00bb][et_pb_text _builder_version=\u00a0\u00bb4.27.6&Prime; _module_preset=\u00a0\u00bbdefault\u00a0\u00bb header_2_font_size=\u00a0\u00bb32px\u00a0\u00bb header_2_line_height=\u00a0\u00bb1.6em\u00a0\u00bb header_2_font_size_tablet=\u00a0\u00bb32px\u00a0\u00bb header_2_font_size_phone=\u00a0\u00bb22px\u00a0\u00bb header_2_font_size_last_edited=\u00a0\u00bbon|phone\u00a0\u00bb global_colors_info=\u00a0\u00bb{}\u00a0\u00bb]<\/p>\n<p><strong>R\u00e8glement &amp; responsabilit\u00e9s<\/strong><\/p>\n<p>Une assurance responsabilit\u00e9 civile est obligatoire.<\/p>\n<p>Le r\u00e8glement int\u00e9rieur du camping doit \u00eatre respect\u00e9.<\/p>\n<p><strong>Photos &amp; communication<\/strong><\/p>\n<p>Avec votre accord, des photos\/vid\u00e9os peuvent \u00eatre r\u00e9alis\u00e9es pour valoriser le camping.<\/p>\n<p><strong>Donn\u00e9es personnelles<\/strong><\/p>\n<p>Vos donn\u00e9es sont utilis\u00e9es uniquement pour la gestion de votre s\u00e9jour.<br \/>Vous pouvez demander leur modification ou suppression \u00e0 tout moment.<\/p>\n<p><strong>Litiges<\/strong><\/p>\n<p>En cas de d\u00e9saccord, nous privil\u00e9gions une solution amiable.<br \/>Une m\u00e9diation est possible avant toute action judiciaire.<\/p>\n<p>[\/et_pb_text][\/et_pb_column][\/et_pb_row][et_pb_row _builder_version=\u00a0\u00bb4.27.6&Prime; _module_preset=\u00a0\u00bbdefault\u00a0\u00bb width=\u00a0\u00bb90%\u00a0\u00bb custom_padding=\u00a0\u00bb0px|||0px|false|false\u00a0\u00bb global_colors_info=\u00a0\u00bb{}\u00a0\u00bb][et_pb_column type=\u00a0\u00bb4_4&Prime; _builder_version=\u00a0\u00bb4.27.6&Prime; _module_preset=\u00a0\u00bbdefault\u00a0\u00bb global_colors_info=\u00a0\u00bb{}\u00a0\u00bb][et_pb_text _builder_version=\u00a0\u00bb4.27.6&Prime; _module_preset=\u00a0\u00bbdefault\u00a0\u00bb header_2_font_size=\u00a0\u00bb32px\u00a0\u00bb header_2_line_height=\u00a0\u00bb1.6em\u00a0\u00bb header_2_font_size_tablet=\u00a0\u00bb32px\u00a0\u00bb header_2_font_size_phone=\u00a0\u00bb22px\u00a0\u00bb header_2_font_size_last_edited=\u00a0\u00bbon|phone\u00a0\u00bb global_colors_info=\u00a0\u00bb{}\u00a0\u00bb]<\/p>\n<h2><strong>R\u00e9servez votre s\u00e9jour en toute confiance<\/strong><\/h2>\n<p>Notre \u00e9quipe est \u00e0 votre disposition pour vous accompagner dans l\u2019organisation de vos vacances.<\/p>\n<p>N\u2019h\u00e9sitez pas \u00e0 nous contacter pour toute question !<\/p>\n<p>[\/et_pb_text][\/et_pb_column][\/et_pb_row][\/et_pb_section]<\/p>\n","protected":false},"excerpt":{"rendered":"<p>S\u00e9jour en camping en toute s\u00e9r\u00e9nit\u00e9 Bienvenue dans notre camping ! Retrouvez ici toutes les informations utiles pour r\u00e9server votre s\u00e9jour en toute tranquillit\u00e9. Ceci est un r\u00e9sum\u00e9 des Conditions G\u00e9n\u00e9rales de Vente. Si vous souhaitez consulter le texte en int\u00e9gralit\u00e9, veuillez cliquer sur le lien suivant :R\u00e9server votre s\u00e9jour au camping Vous pouvez r\u00e9server [&hellip;]<\/p>\n","protected":false},"author":1,"featured_media":0,"parent":0,"menu_order":0,"comment_status":"closed","ping_status":"closed","template":"","meta":{"_et_pb_use_builder":"on","_et_pb_old_content":"","_et_gb_content_width":"","footnotes":""},"class_list":["post-4544","page","type-page","status-publish","hentry"],"yoast_head":"<!-- This site is optimized with the Yoast SEO plugin v27.4 - https:\/\/yoast.com\/product\/yoast-seo-wordpress\/ -->\n<title>Conditions G\u00e9n\u00e9rales de Vente Camping &#8226; CAMPING AU PAYS DE HANAU<\/title>\n<meta name=\"description\" content=\"Voici nos Conditions G\u00e9n\u00e9rales de Vente : informations sur les r\u00e9servations, les paiements, les annulations et les r\u00e8gles de s\u00e9jour.\" \/>\n<meta name=\"robots\" content=\"index, follow, max-snippet:-1, max-image-preview:large, max-video-preview:-1\" \/>\n<link rel=\"canonical\" href=\"https:\/\/campingaupaysdehanau.com\/en\/conditions-generales-de-vente\/\" \/>\n<meta property=\"og:locale\" content=\"en_GB\" \/>\n<meta property=\"og:type\" content=\"article\" \/>\n<meta property=\"og:title\" content=\"Conditions G\u00e9n\u00e9rales de Vente Camping &#8226; CAMPING AU PAYS DE HANAU\" \/>\n<meta property=\"og:description\" content=\"Voici nos Conditions G\u00e9n\u00e9rales de Vente : informations sur les r\u00e9servations, les paiements, les annulations et les r\u00e8gles de s\u00e9jour.\" \/>\n<meta property=\"og:url\" content=\"https:\/\/campingaupaysdehanau.com\/en\/conditions-generales-de-vente\/\" \/>\n<meta property=\"og:site_name\" content=\"CAMPING AU PAYS DE HANAU\" \/>\n<meta property=\"article:publisher\" content=\"https:\/\/fr-fr.facebook.com\/CampingAuPaysdeHanau\/\" \/>\n<meta property=\"article:modified_time\" content=\"2026-04-13T15:51:32+00:00\" \/>\n<meta property=\"og:image\" content=\"https:\/\/campingaupaysdehanau.com\/wp-content\/uploads\/2022\/10\/Chalet1_CampingDossenheim.jpg\" \/>\n\t<meta property=\"og:image:width\" content=\"1264\" \/>\n\t<meta property=\"og:image:height\" content=\"844\" \/>\n\t<meta property=\"og:image:type\" content=\"image\/jpeg\" \/>\n<meta name=\"twitter:card\" content=\"summary_large_image\" \/>\n<meta name=\"twitter:label1\" content=\"Estimated reading time\" \/>\n\t<meta name=\"twitter:data1\" content=\"14 minutes\" \/>\n<script type=\"application\/ld+json\" class=\"yoast-schema-graph\">{\"@context\":\"https:\\\/\\\/schema.org\",\"@graph\":[{\"@type\":\"WebPage\",\"@id\":\"https:\\\/\\\/campingaupaysdehanau.com\\\/conditions-generales-de-vente\\\/\",\"url\":\"https:\\\/\\\/campingaupaysdehanau.com\\\/conditions-generales-de-vente\\\/\",\"name\":\"Conditions G\u00e9n\u00e9rales de Vente Camping &#8226; CAMPING AU PAYS DE HANAU\",\"isPartOf\":{\"@id\":\"https:\\\/\\\/campingaupaysdehanau.com\\\/#website\"},\"datePublished\":\"2024-11-27T14:55:52+00:00\",\"dateModified\":\"2026-04-13T15:51:32+00:00\",\"description\":\"Voici nos Conditions G\u00e9n\u00e9rales de Vente : informations sur les r\u00e9servations, les paiements, les annulations et les r\u00e8gles de s\u00e9jour.\",\"breadcrumb\":{\"@id\":\"https:\\\/\\\/campingaupaysdehanau.com\\\/conditions-generales-de-vente\\\/#breadcrumb\"},\"inLanguage\":\"en-GB\",\"potentialAction\":[{\"@type\":\"ReadAction\",\"target\":[\"https:\\\/\\\/campingaupaysdehanau.com\\\/conditions-generales-de-vente\\\/\"]}]},{\"@type\":\"BreadcrumbList\",\"@id\":\"https:\\\/\\\/campingaupaysdehanau.com\\\/conditions-generales-de-vente\\\/#breadcrumb\",\"itemListElement\":[{\"@type\":\"ListItem\",\"position\":1,\"name\":\"Home\",\"item\":\"https:\\\/\\\/campingaupaysdehanau.com\\\/\"},{\"@type\":\"ListItem\",\"position\":2,\"name\":\"Conditions g\u00e9n\u00e9rales de vente\"}]},{\"@type\":\"WebSite\",\"@id\":\"https:\\\/\\\/campingaupaysdehanau.com\\\/#website\",\"url\":\"https:\\\/\\\/campingaupaysdehanau.com\\\/\",\"name\":\"CAMPING AU PAYS DE HANAU Alsace Vosges du Nord\",\"description\":\"SEJOUR NATURE EN ALSACE VOSGES DU NORD\",\"publisher\":{\"@id\":\"https:\\\/\\\/campingaupaysdehanau.com\\\/#organization\"},\"alternateName\":\"CAMPING DOSSENHEIM\",\"potentialAction\":[{\"@type\":\"SearchAction\",\"target\":{\"@type\":\"EntryPoint\",\"urlTemplate\":\"https:\\\/\\\/campingaupaysdehanau.com\\\/?s={search_term_string}\"},\"query-input\":{\"@type\":\"PropertyValueSpecification\",\"valueRequired\":true,\"valueName\":\"search_term_string\"}}],\"inLanguage\":\"en-GB\"},{\"@type\":\"Organization\",\"@id\":\"https:\\\/\\\/campingaupaysdehanau.com\\\/#organization\",\"name\":\"CAMPING AU PAYS DE HANAU\",\"alternateName\":\"CAMPING DOSSENHEIM\",\"url\":\"https:\\\/\\\/campingaupaysdehanau.com\\\/\",\"logo\":{\"@type\":\"ImageObject\",\"inLanguage\":\"en-GB\",\"@id\":\"https:\\\/\\\/campingaupaysdehanau.com\\\/#\\\/schema\\\/logo\\\/image\\\/\",\"url\":\"https:\\\/\\\/campingaupaysdehanau.com\\\/wp-content\\\/uploads\\\/2022\\\/09\\\/Logo-camping-APDH_1920x1357_cropped.png\",\"contentUrl\":\"https:\\\/\\\/campingaupaysdehanau.com\\\/wp-content\\\/uploads\\\/2022\\\/09\\\/Logo-camping-APDH_1920x1357_cropped.png\",\"width\":1024,\"height\":724,\"caption\":\"CAMPING AU PAYS DE HANAU\"},\"image\":{\"@id\":\"https:\\\/\\\/campingaupaysdehanau.com\\\/#\\\/schema\\\/logo\\\/image\\\/\"},\"sameAs\":[\"https:\\\/\\\/fr-fr.facebook.com\\\/CampingAuPaysdeHanau\\\/\",\"https:\\\/\\\/www.instagram.com\\\/campingaupaysdehanau\\\/profilecard\\\/?igsh=NmpqMmFndmZxaXlu\"]}]}<\/script>\n<!-- \/ Yoast SEO plugin. -->","yoast_head_json":{"title":"Conditions G\u00e9n\u00e9rales de Vente Camping &#8226; CAMPING AU PAYS DE HANAU","description":"Voici nos Conditions G\u00e9n\u00e9rales de Vente : informations sur les r\u00e9servations, les paiements, les annulations et les r\u00e8gles de s\u00e9jour.","robots":{"index":"index","follow":"follow","max-snippet":"max-snippet:-1","max-image-preview":"max-image-preview:large","max-video-preview":"max-video-preview:-1"},"canonical":"https:\/\/campingaupaysdehanau.com\/en\/conditions-generales-de-vente\/","og_locale":"en_GB","og_type":"article","og_title":"Conditions G\u00e9n\u00e9rales de Vente Camping &#8226; CAMPING AU PAYS DE HANAU","og_description":"Voici nos Conditions G\u00e9n\u00e9rales de Vente : informations sur les r\u00e9servations, les paiements, les annulations et les r\u00e8gles de s\u00e9jour.","og_url":"https:\/\/campingaupaysdehanau.com\/en\/conditions-generales-de-vente\/","og_site_name":"CAMPING AU PAYS DE HANAU","article_publisher":"https:\/\/fr-fr.facebook.com\/CampingAuPaysdeHanau\/","article_modified_time":"2026-04-13T15:51:32+00:00","og_image":[{"width":1264,"height":844,"url":"https:\/\/campingaupaysdehanau.com\/wp-content\/uploads\/2022\/10\/Chalet1_CampingDossenheim.jpg","type":"image\/jpeg"}],"twitter_card":"summary_large_image","twitter_misc":{"Estimated reading time":"14 minutes"},"schema":{"@context":"https:\/\/schema.org","@graph":[{"@type":"WebPage","@id":"https:\/\/campingaupaysdehanau.com\/conditions-generales-de-vente\/","url":"https:\/\/campingaupaysdehanau.com\/conditions-generales-de-vente\/","name":"Conditions G\u00e9n\u00e9rales de Vente Camping &#8226; CAMPING AU PAYS DE HANAU","isPartOf":{"@id":"https:\/\/campingaupaysdehanau.com\/#website"},"datePublished":"2024-11-27T14:55:52+00:00","dateModified":"2026-04-13T15:51:32+00:00","description":"Voici nos Conditions G\u00e9n\u00e9rales de Vente : informations sur les r\u00e9servations, les paiements, les annulations et les r\u00e8gles de s\u00e9jour.","breadcrumb":{"@id":"https:\/\/campingaupaysdehanau.com\/conditions-generales-de-vente\/#breadcrumb"},"inLanguage":"en-GB","potentialAction":[{"@type":"ReadAction","target":["https:\/\/campingaupaysdehanau.com\/conditions-generales-de-vente\/"]}]},{"@type":"BreadcrumbList","@id":"https:\/\/campingaupaysdehanau.com\/conditions-generales-de-vente\/#breadcrumb","itemListElement":[{"@type":"ListItem","position":1,"name":"Home","item":"https:\/\/campingaupaysdehanau.com\/"},{"@type":"ListItem","position":2,"name":"Conditions g\u00e9n\u00e9rales de vente"}]},{"@type":"WebSite","@id":"https:\/\/campingaupaysdehanau.com\/#website","url":"https:\/\/campingaupaysdehanau.com\/","name":"CAMPING AU PAYS DE HANAU Alsace Vosges du Nord","description":"SEJOUR NATURE EN ALSACE VOSGES DU NORD","publisher":{"@id":"https:\/\/campingaupaysdehanau.com\/#organization"},"alternateName":"CAMPING DOSSENHEIM","potentialAction":[{"@type":"SearchAction","target":{"@type":"EntryPoint","urlTemplate":"https:\/\/campingaupaysdehanau.com\/?s={search_term_string}"},"query-input":{"@type":"PropertyValueSpecification","valueRequired":true,"valueName":"search_term_string"}}],"inLanguage":"en-GB"},{"@type":"Organization","@id":"https:\/\/campingaupaysdehanau.com\/#organization","name":"CAMPING AU PAYS DE HANAU","alternateName":"CAMPING DOSSENHEIM","url":"https:\/\/campingaupaysdehanau.com\/","logo":{"@type":"ImageObject","inLanguage":"en-GB","@id":"https:\/\/campingaupaysdehanau.com\/#\/schema\/logo\/image\/","url":"https:\/\/campingaupaysdehanau.com\/wp-content\/uploads\/2022\/09\/Logo-camping-APDH_1920x1357_cropped.png","contentUrl":"https:\/\/campingaupaysdehanau.com\/wp-content\/uploads\/2022\/09\/Logo-camping-APDH_1920x1357_cropped.png","width":1024,"height":724,"caption":"CAMPING AU PAYS DE HANAU"},"image":{"@id":"https:\/\/campingaupaysdehanau.com\/#\/schema\/logo\/image\/"},"sameAs":["https:\/\/fr-fr.facebook.com\/CampingAuPaysdeHanau\/","https:\/\/www.instagram.com\/campingaupaysdehanau\/profilecard\/?igsh=NmpqMmFndmZxaXlu"]}]}},"_links":{"self":[{"href":"https:\/\/campingaupaysdehanau.com\/en\/wp-json\/wp\/v2\/pages\/4544","targetHints":{"allow":["GET"]}}],"collection":[{"href":"https:\/\/campingaupaysdehanau.com\/en\/wp-json\/wp\/v2\/pages"}],"about":[{"href":"https:\/\/campingaupaysdehanau.com\/en\/wp-json\/wp\/v2\/types\/page"}],"author":[{"embeddable":true,"href":"https:\/\/campingaupaysdehanau.com\/en\/wp-json\/wp\/v2\/users\/1"}],"replies":[{"embeddable":true,"href":"https:\/\/campingaupaysdehanau.com\/en\/wp-json\/wp\/v2\/comments?post=4544"}],"version-history":[{"count":2,"href":"https:\/\/campingaupaysdehanau.com\/en\/wp-json\/wp\/v2\/pages\/4544\/revisions"}],"predecessor-version":[{"id":7387,"href":"https:\/\/campingaupaysdehanau.com\/en\/wp-json\/wp\/v2\/pages\/4544\/revisions\/7387"}],"wp:attachment":[{"href":"https:\/\/campingaupaysdehanau.com\/en\/wp-json\/wp\/v2\/media?parent=4544"}],"curies":[{"name":"wp","href":"https:\/\/api.w.org\/{rel}","templated":true}]}}