{"id":1420,"date":"2017-01-06T15:25:48","date_gmt":"2017-01-06T14:25:48","guid":{"rendered":"http:\/\/demo.infomaniak.com\/divi\/?page_id=1420"},"modified":"2026-04-10T17:30:42","modified_gmt":"2026-04-10T15:30:42","slug":"contact","status":"publish","type":"page","link":"https:\/\/campingaupaysdehanau.com\/en\/contact\/","title":{"rendered":"Contact us"},"content":{"rendered":"<p>[et_pb_section fb_built=\u00a0\u00bb1&Prime; custom_padding_last_edited=\u00a0\u00bbon|desktop\u00a0\u00bb admin_label=\u00a0\u00bbsection\u00a0\u00bb _builder_version=\u00a0\u00bb4.27.6&Prime; background_color=\u00a0\u00bb#FFFFFF\u00a0\u00bb background_image=\u00a0\u00bbhttps:\/\/campingaupaysdehanau.com\/wp-content\/uploads\/2022\/09\/iicyiapyggi.jpg\u00a0\u00bb custom_margin=\u00a0\u00bb-150px||||false|false\u00a0\u00bb custom_margin_tablet=\u00a0\u00bb0px||||false|false\u00a0\u00bb custom_margin_phone=\u00a0\u00bb0px||||false|false\u00a0\u00bb custom_margin_last_edited=\u00a0\u00bbon|phone\u00a0\u00bb custom_padding=\u00a0\u00bb150px||||false|false\u00a0\u00bb custom_padding_tablet=\u00a0\u00bb0px||||false|false\u00a0\u00bb custom_padding_phone=\u00a0\u00bb0px||||false|false\u00a0\u00bb background_last_edited=\u00a0\u00bbon|desktop\u00a0\u00bb background_enable_image_tablet=\u00a0\u00bboff\u00a0\u00bb da_disable_devices=\u00a0\u00bboff|off|off\u00a0\u00bb transparent_background=\u00a0\u00bboff\u00a0\u00bb make_fullwidth=\u00a0\u00bboff\u00a0\u00bb use_custom_width=\u00a0\u00bboff\u00a0\u00bb width_unit=\u00a0\u00bboff\u00a0\u00bb custom_width_px=\u00a0\u00bb1080px\u00a0\u00bb custom_width_percent=\u00a0\u00bb80%\u00a0\u00bb global_colors_info=\u00a0\u00bb{}\u00a0\u00bb da_is_popup=\u00a0\u00bboff\u00a0\u00bb da_exit_intent=\u00a0\u00bboff\u00a0\u00bb da_has_close=\u00a0\u00bbon\u00a0\u00bb da_alt_close=\u00a0\u00bboff\u00a0\u00bb da_dark_close=\u00a0\u00bboff\u00a0\u00bb da_not_modal=\u00a0\u00bbon\u00a0\u00bb da_is_singular=\u00a0\u00bboff\u00a0\u00bb da_with_loader=\u00a0\u00bboff\u00a0\u00bb da_has_shadow=\u00a0\u00bbon\u00a0\u00bb][et_pb_row column_structure=\u00a0\u00bb1_2,1_2&Prime; use_custom_gutter=\u00a0\u00bboff\u00a0\u00bb _builder_version=\u00a0\u00bb4.18.0&Prime; background_size=\u00a0\u00bbinitial\u00a0\u00bb background_position=\u00a0\u00bbtop_left\u00a0\u00bb background_repeat=\u00a0\u00bbrepeat\u00a0\u00bb max_width=\u00a0\u00bbnone\u00a0\u00bb make_fullwidth=\u00a0\u00bboff\u00a0\u00bb use_custom_width=\u00a0\u00bboff\u00a0\u00bb width_unit=\u00a0\u00bboff\u00a0\u00bb custom_width_px=\u00a0\u00bb1080px\u00a0\u00bb custom_width_percent=\u00a0\u00bb80%\u00a0\u00bb global_colors_info=\u00a0\u00bb{}\u00a0\u00bb][et_pb_column type=\u00a0\u00bb1_2&Prime; _builder_version=\u00a0\u00bb4.16&Prime; custom_padding=\u00a0\u00bb|||\u00a0\u00bb global_colors_info=\u00a0\u00bb{}\u00a0\u00bb custom_padding__hover=\u00a0\u00bb|||\u00a0\u00bb][et_pb_post_title meta=\u00a0\u00bboff\u00a0\u00bb featured_image=\u00a0\u00bboff\u00a0\u00bb _builder_version=\u00a0\u00bb4.27.6&Prime; title_font=\u00a0\u00bb||||||||\u00a0\u00bb title_text_align=\u00a0\u00bbcenter\u00a0\u00bb title_text_color=\u00a0\u00bb#7A4E1D\u00a0\u00bb title_font_size=\u00a0\u00bb45px\u00a0\u00bb module_alignment=\u00a0\u00bbcenter\u00a0\u00bb title_font_size_tablet=\u00a0\u00bb45px\u00a0\u00bb title_font_size_phone=\u00a0\u00bb30px\u00a0\u00bb title_font_size_last_edited=\u00a0\u00bbon|phone\u00a0\u00bb parallax_effect=\u00a0\u00bboff\u00a0\u00bb global_colors_info=\u00a0\u00bb{}\u00a0\u00bb][\/et_pb_post_title][et_pb_text _builder_version=\u00a0\u00bb4.27.6&Prime; _module_preset=\u00a0\u00bbdefault\u00a0\u00bb text_font=\u00a0\u00bb&#8211;et_global_body_font||||||||\u00a0\u00bb text_text_color=\u00a0\u00bb#7A4E1D\u00a0\u00bb link_text_color=\u00a0\u00bb#2F6F3E\u00a0\u00bb text_orientation=\u00a0\u00bbcenter\u00a0\u00bb module_alignment=\u00a0\u00bbcenter\u00a0\u00bb global_colors_info=\u00a0\u00bb{}\u00a0\u00bb]<\/p>\n<p>CAMPING AU PAYS DE HANAU<br \/>24 rue d\u2019Ernolsheim<br \/>67330 Dossenheim sur Zinsel<br \/>T\u00e9l\u00e9phone : <a href=\"tel:&quot;+33973892152&quot;\">+33973892152<\/a><br \/>Email : <a href=\"mailto:camping.doss@gmail.com\">camping.doss@gmail.com<\/a><br \/>G\u00e9rants : Agnieszka Raczynska, Philippe Garnier<\/p>\n<p>[\/et_pb_text][\/et_pb_column][et_pb_column type=\u00a0\u00bb1_2&Prime; _builder_version=\u00a0\u00bb4.18.0&Prime; _module_preset=\u00a0\u00bbdefault\u00a0\u00bb global_colors_info=\u00a0\u00bb{}\u00a0\u00bb][\/et_pb_column][\/et_pb_row][et_pb_row column_structure=\u00a0\u00bb1_2,1_2&Prime; _builder_version=\u00a0\u00bb4.27.6&Prime; _module_preset=\u00a0\u00bbdefault\u00a0\u00bb background_color=\u00a0\u00bbrgba(245,242,232,0.61)\u00a0\u00bb width=\u00a0\u00bb90%\u00a0\u00bb width_tablet=\u00a0\u00bb\u00a0\u00bb width_phone=\u00a0\u00bb95%\u00a0\u00bb width_last_edited=\u00a0\u00bbon|tablet\u00a0\u00bb custom_margin=\u00a0\u00bb0px|154px||auto|false|false\u00a0\u00bb custom_padding=\u00a0\u00bb|20px||20px|false|true\u00a0\u00bb hover_enabled=\u00a0\u00bb0&Prime; border_radii=\u00a0\u00bbon|10px|10px|10px|10px\u00a0\u00bb global_colors_info=\u00a0\u00bb{}\u00a0\u00bb sticky_enabled=\u00a0\u00bb0&Prime;][et_pb_column type=\u00a0\u00bb1_2&Prime; _builder_version=\u00a0\u00bb4.18.0&Prime; _module_preset=\u00a0\u00bbdefault\u00a0\u00bb global_colors_info=\u00a0\u00bb{}\u00a0\u00bb][et_pb_contact_form email=\u00a0\u00bbcamping.doss@gmail.com\u00a0\u00bb title=\u00a0\u00bbEcrivez-nous\u00a0\u00bb success_message=\u00a0\u00bbNous avons bien re\u00e7u votre message\u00a0\u00bb submit_button_text=\u00a0\u00bbEnvoyer\u00a0\u00bb module_id=\u00a0\u00bbet_pb_contact_form_0&Prime; _builder_version=\u00a0\u00bb4.27.6&Prime; _unique_id=\u00a0\u00bb770fdce0-39d1-4199-8d82-c941ca9d0d5a\u00a0\u00bb form_field_background_color=\u00a0\u00bb#7A4E1D\u00a0\u00bb form_field_text_color=\u00a0\u00bb#FFFFFF\u00a0\u00bb form_field_focus_background_color=\u00a0\u00bbrgba(114,194,230,0.43)\u00a0\u00bb title_level=\u00a0\u00bbh2&Prime; title_text_align=\u00a0\u00bbcenter\u00a0\u00bb title_text_color=\u00a0\u00bb#7A4E1D\u00a0\u00bb title_font_size=\u00a0\u00bb32px\u00a0\u00bb title_line_height=\u00a0\u00bb1.7em\u00a0\u00bb captcha_font=\u00a0\u00bb||||||||\u00a0\u00bb captcha_text_color=\u00a0\u00bb#7A4E1D\u00a0\u00bb captcha_font_size=\u00a0\u00bb16px\u00a0\u00bb captcha_letter_spacing=\u00a0\u00bb1px\u00a0\u00bb form_field_font=\u00a0\u00bb||||||||\u00a0\u00bb form_field_font_size=\u00a0\u00bb16px\u00a0\u00bb hover_enabled=\u00a0\u00bb0&Prime; title_font_size_tablet=\u00a0\u00bb32px\u00a0\u00bb title_font_size_phone=\u00a0\u00bb22px\u00a0\u00bb title_font_size_last_edited=\u00a0\u00bbon|tablet\u00a0\u00bb border_radii=\u00a0\u00bbon|10px|10px|10px|10px\u00a0\u00bb global_colors_info=\u00a0\u00bb{}\u00a0\u00bb sticky_enabled=\u00a0\u00bb0&Prime;][et_pb_contact_field field_id=\u00a0\u00bbName\u00a0\u00bb field_title=\u00a0\u00bbNom\u00a0\u00bb _builder_version=\u00a0\u00bb4.18.0&Prime; input_border_radius=\u00a0\u00bb0&Prime; global_colors_info=\u00a0\u00bb{}\u00a0\u00bb button_text_size__hover_enabled=\u00a0\u00bboff\u00a0\u00bb button_one_text_size__hover_enabled=\u00a0\u00bboff\u00a0\u00bb button_two_text_size__hover_enabled=\u00a0\u00bboff\u00a0\u00bb button_text_color__hover_enabled=\u00a0\u00bboff\u00a0\u00bb button_one_text_color__hover_enabled=\u00a0\u00bboff\u00a0\u00bb button_two_text_color__hover_enabled=\u00a0\u00bboff\u00a0\u00bb button_border_width__hover_enabled=\u00a0\u00bboff\u00a0\u00bb button_one_border_width__hover_enabled=\u00a0\u00bboff\u00a0\u00bb button_two_border_width__hover_enabled=\u00a0\u00bboff\u00a0\u00bb button_border_color__hover_enabled=\u00a0\u00bboff\u00a0\u00bb button_one_border_color__hover_enabled=\u00a0\u00bboff\u00a0\u00bb button_two_border_color__hover_enabled=\u00a0\u00bboff\u00a0\u00bb button_border_radius__hover_enabled=\u00a0\u00bboff\u00a0\u00bb button_one_border_radius__hover_enabled=\u00a0\u00bboff\u00a0\u00bb button_two_border_radius__hover_enabled=\u00a0\u00bboff\u00a0\u00bb button_letter_spacing__hover_enabled=\u00a0\u00bboff\u00a0\u00bb button_one_letter_spacing__hover_enabled=\u00a0\u00bboff\u00a0\u00bb button_two_letter_spacing__hover_enabled=\u00a0\u00bboff\u00a0\u00bb button_bg_color__hover_enabled=\u00a0\u00bboff\u00a0\u00bb button_one_bg_color__hover_enabled=\u00a0\u00bboff\u00a0\u00bb button_two_bg_color__hover_enabled=\u00a0\u00bboff\u00a0\u00bb][\/et_pb_contact_field][et_pb_contact_field field_id=\u00a0\u00bbPhone\u00a0\u00bb field_title=\u00a0\u00bbT\u00e9l\u00e9phone\u00a0\u00bb max_length=\u00a0\u00bb125&Prime; allowed_symbols=\u00a0\u00bbnumbers\u00a0\u00bb _builder_version=\u00a0\u00bb4.25.1&Prime; _module_preset=\u00a0\u00bbdefault\u00a0\u00bb width=\u00a0\u00bb50%\u00a0\u00bb global_colors_info=\u00a0\u00bb{}\u00a0\u00bb][\/et_pb_contact_field][et_pb_contact_field field_id=\u00a0\u00bbEmail\u00a0\u00bb field_title=\u00a0\u00bbEmail \u00a0\u00bb field_type=\u00a0\u00bbemail\u00a0\u00bb fullwidth_field=\u00a0\u00bbon\u00a0\u00bb _builder_version=\u00a0\u00bb4.25.1&Prime; width=\u00a0\u00bb100%\u00a0\u00bb input_border_radius=\u00a0\u00bb0&Prime; global_colors_info=\u00a0\u00bb{}\u00a0\u00bb button_text_size__hover_enabled=\u00a0\u00bboff\u00a0\u00bb button_one_text_size__hover_enabled=\u00a0\u00bboff\u00a0\u00bb button_two_text_size__hover_enabled=\u00a0\u00bboff\u00a0\u00bb button_text_color__hover_enabled=\u00a0\u00bboff\u00a0\u00bb button_one_text_color__hover_enabled=\u00a0\u00bboff\u00a0\u00bb button_two_text_color__hover_enabled=\u00a0\u00bboff\u00a0\u00bb button_border_width__hover_enabled=\u00a0\u00bboff\u00a0\u00bb button_one_border_width__hover_enabled=\u00a0\u00bboff\u00a0\u00bb button_two_border_width__hover_enabled=\u00a0\u00bboff\u00a0\u00bb button_border_color__hover_enabled=\u00a0\u00bboff\u00a0\u00bb button_one_border_color__hover_enabled=\u00a0\u00bboff\u00a0\u00bb button_two_border_color__hover_enabled=\u00a0\u00bboff\u00a0\u00bb button_border_radius__hover_enabled=\u00a0\u00bboff\u00a0\u00bb button_one_border_radius__hover_enabled=\u00a0\u00bboff\u00a0\u00bb button_two_border_radius__hover_enabled=\u00a0\u00bboff\u00a0\u00bb button_letter_spacing__hover_enabled=\u00a0\u00bboff\u00a0\u00bb button_one_letter_spacing__hover_enabled=\u00a0\u00bboff\u00a0\u00bb button_two_letter_spacing__hover_enabled=\u00a0\u00bboff\u00a0\u00bb button_bg_color__hover_enabled=\u00a0\u00bboff\u00a0\u00bb button_one_bg_color__hover_enabled=\u00a0\u00bboff\u00a0\u00bb button_two_bg_color__hover_enabled=\u00a0\u00bboff\u00a0\u00bb][\/et_pb_contact_field][et_pb_contact_field field_id=\u00a0\u00bbMessage\u00a0\u00bb field_title=\u00a0\u00bbMessage\u00a0\u00bb field_type=\u00a0\u00bbtext\u00a0\u00bb required_mark=\u00a0\u00bboff\u00a0\u00bb fullwidth_field=\u00a0\u00bbon\u00a0\u00bb _builder_version=\u00a0\u00bb4.18.0&Prime; width=\u00a0\u00bb100%\u00a0\u00bb input_border_radius=\u00a0\u00bb0&Prime; global_colors_info=\u00a0\u00bb{}\u00a0\u00bb button_text_size__hover_enabled=\u00a0\u00bboff\u00a0\u00bb button_one_text_size__hover_enabled=\u00a0\u00bboff\u00a0\u00bb button_two_text_size__hover_enabled=\u00a0\u00bboff\u00a0\u00bb button_text_color__hover_enabled=\u00a0\u00bboff\u00a0\u00bb button_one_text_color__hover_enabled=\u00a0\u00bboff\u00a0\u00bb button_two_text_color__hover_enabled=\u00a0\u00bboff\u00a0\u00bb button_border_width__hover_enabled=\u00a0\u00bboff\u00a0\u00bb button_one_border_width__hover_enabled=\u00a0\u00bboff\u00a0\u00bb button_two_border_width__hover_enabled=\u00a0\u00bboff\u00a0\u00bb button_border_color__hover_enabled=\u00a0\u00bboff\u00a0\u00bb button_one_border_color__hover_enabled=\u00a0\u00bboff\u00a0\u00bb button_two_border_color__hover_enabled=\u00a0\u00bboff\u00a0\u00bb button_border_radius__hover_enabled=\u00a0\u00bboff\u00a0\u00bb button_one_border_radius__hover_enabled=\u00a0\u00bboff\u00a0\u00bb button_two_border_radius__hover_enabled=\u00a0\u00bboff\u00a0\u00bb button_letter_spacing__hover_enabled=\u00a0\u00bboff\u00a0\u00bb button_one_letter_spacing__hover_enabled=\u00a0\u00bboff\u00a0\u00bb button_two_letter_spacing__hover_enabled=\u00a0\u00bboff\u00a0\u00bb button_bg_color__hover_enabled=\u00a0\u00bboff\u00a0\u00bb button_one_bg_color__hover_enabled=\u00a0\u00bboff\u00a0\u00bb button_two_bg_color__hover_enabled=\u00a0\u00bboff\u00a0\u00bb][\/et_pb_contact_field][\/et_pb_contact_form][\/et_pb_column][et_pb_column type=\u00a0\u00bb1_2&Prime; _builder_version=\u00a0\u00bb4.18.0&Prime; _module_preset=\u00a0\u00bbdefault\u00a0\u00bb global_colors_info=\u00a0\u00bb{}\u00a0\u00bb][et_pb_code _builder_version=\u00a0\u00bb4.18.0&Prime; _module_preset=\u00a0\u00bbdefault\u00a0\u00bb text_orientation=\u00a0\u00bbcenter\u00a0\u00bb border_radii=\u00a0\u00bbon|10px|10px|10px|10px\u00a0\u00bb border_color_all=\u00a0\u00bb#456157&Prime; locked=\u00a0\u00bboff\u00a0\u00bb global_colors_info=\u00a0\u00bb{}\u00a0\u00bb]<iframe src=\"https:\/\/www.google.com\/maps\/embed?pb=!1m18!1m12!1m3!1d168468.38642316675!2d7.401247591811151!3d48.71850478799925!2m3!1f0!2f0!3f0!3m2!1i1024!2i768!4f13.1!3m3!1m2!1s0x4796a021b5203b4d%3A0x734d3f9005923704!2sCamping%20Au%20Pays%20de%20Hanau%20%3A%20G%C3%AEte%20et%20camping%20en%20Alsace%2C%20Strasbourg%2C%20Saverne!5e0!3m2!1sfr!2sfr!4v1666335928083!5m2!1sfr!2sfr\" width=\"800\" height=\"600\" style=\"border:0;\" allowfullscreen=\"\" loading=\"lazy\" referrerpolicy=\"no-referrer-when-downgrade\"><\/iframe>[\/et_pb_code][\/et_pb_column][\/et_pb_row][\/et_pb_section]<\/p>\n","protected":false},"excerpt":{"rendered":"<p>CAMPING AU PAYS DE HANAU24 rue d\u2019Ernolsheim67330 Dossenheim sur ZinselT\u00e9l\u00e9phone : +33973892152Email : camping.doss@gmail.comG\u00e9rants : Agnieszka Raczynska, Philippe Garnier<\/p>","protected":false},"author":1,"featured_media":0,"parent":0,"menu_order":0,"comment_status":"closed","ping_status":"closed","template":"","meta":{"_et_pb_use_builder":"on","_et_pb_old_content":"","_et_gb_content_width":"","footnotes":""},"class_list":["post-1420","page","type-page","status-publish","hentry"],"yoast_head":"<!-- This site is optimized with the Yoast SEO plugin v27.5 - https:\/\/yoast.com\/product\/yoast-seo-wordpress\/ -->\n<title>Contact email, t\u00e9l\u00e9phone, adresse du Camping au Pays de Hanau<\/title>\n<meta name=\"description\" content=\"Voulez-vous nous contacter? \u00c9crivez-nous ou appelez! La carte vous aidera \u00e0 trouver notre camping. Voici notre adresse.\" \/>\n<meta name=\"robots\" content=\"index, follow, max-snippet:-1, max-image-preview:large, max-video-preview:-1\" \/>\n<link rel=\"canonical\" href=\"https:\/\/campingaupaysdehanau.com\/en\/contact\/\" \/>\n<meta property=\"og:locale\" content=\"en_GB\" \/>\n<meta property=\"og:type\" content=\"article\" \/>\n<meta property=\"og:title\" content=\"Contact email, t\u00e9l\u00e9phone, adresse du Camping au Pays de Hanau\" \/>\n<meta property=\"og:description\" content=\"Voulez-vous nous contacter? \u00c9crivez-nous ou appelez! La carte vous aidera \u00e0 trouver notre camping. Voici notre adresse.\" \/>\n<meta property=\"og:url\" content=\"https:\/\/campingaupaysdehanau.com\/en\/contact\/\" \/>\n<meta property=\"og:site_name\" content=\"CAMPING AU PAYS DE HANAU\" \/>\n<meta property=\"article:publisher\" content=\"https:\/\/fr-fr.facebook.com\/CampingAuPaysdeHanau\/\" \/>\n<meta property=\"article:modified_time\" content=\"2026-04-10T15:30:42+00:00\" \/>\n<meta property=\"og:image\" content=\"https:\/\/campingaupaysdehanau.com\/wp-content\/uploads\/2022\/10\/Chalet1_CampingDossenheim.jpg\" \/>\n\t<meta property=\"og:image:width\" content=\"1264\" \/>\n\t<meta property=\"og:image:height\" content=\"844\" \/>\n\t<meta property=\"og:image:type\" content=\"image\/jpeg\" \/>\n<meta name=\"twitter:card\" content=\"summary_large_image\" \/>\n<meta name=\"twitter:label1\" content=\"Estimated reading time\" \/>\n\t<meta name=\"twitter:data1\" content=\"1 minute\" \/>\n<script type=\"application\/ld+json\" class=\"yoast-schema-graph\">{\"@context\":\"https:\\\/\\\/schema.org\",\"@graph\":[{\"@type\":\"WebPage\",\"@id\":\"https:\\\/\\\/campingaupaysdehanau.com\\\/contact\\\/\",\"url\":\"https:\\\/\\\/campingaupaysdehanau.com\\\/contact\\\/\",\"name\":\"Contact email, t\u00e9l\u00e9phone, adresse du Camping au Pays de Hanau\",\"isPartOf\":{\"@id\":\"https:\\\/\\\/campingaupaysdehanau.com\\\/#website\"},\"datePublished\":\"2017-01-06T14:25:48+00:00\",\"dateModified\":\"2026-04-10T15:30:42+00:00\",\"description\":\"Voulez-vous nous contacter? \u00c9crivez-nous ou appelez! La carte vous aidera \u00e0 trouver notre camping. Voici notre adresse.\",\"breadcrumb\":{\"@id\":\"https:\\\/\\\/campingaupaysdehanau.com\\\/contact\\\/#breadcrumb\"},\"inLanguage\":\"en-GB\",\"potentialAction\":[{\"@type\":\"ReadAction\",\"target\":[\"https:\\\/\\\/campingaupaysdehanau.com\\\/contact\\\/\"]}]},{\"@type\":\"BreadcrumbList\",\"@id\":\"https:\\\/\\\/campingaupaysdehanau.com\\\/contact\\\/#breadcrumb\",\"itemListElement\":[{\"@type\":\"ListItem\",\"position\":1,\"name\":\"Home\",\"item\":\"https:\\\/\\\/campingaupaysdehanau.com\\\/\"},{\"@type\":\"ListItem\",\"position\":2,\"name\":\"Contact\"}]},{\"@type\":\"WebSite\",\"@id\":\"https:\\\/\\\/campingaupaysdehanau.com\\\/#website\",\"url\":\"https:\\\/\\\/campingaupaysdehanau.com\\\/\",\"name\":\"CAMPING AU PAYS DE HANAU Alsace Vosges du Nord\",\"description\":\"SEJOUR NATURE EN ALSACE VOSGES DU NORD\",\"publisher\":{\"@id\":\"https:\\\/\\\/campingaupaysdehanau.com\\\/#organization\"},\"alternateName\":\"CAMPING DOSSENHEIM\",\"potentialAction\":[{\"@type\":\"SearchAction\",\"target\":{\"@type\":\"EntryPoint\",\"urlTemplate\":\"https:\\\/\\\/campingaupaysdehanau.com\\\/?s={search_term_string}\"},\"query-input\":{\"@type\":\"PropertyValueSpecification\",\"valueRequired\":true,\"valueName\":\"search_term_string\"}}],\"inLanguage\":\"en-GB\"},{\"@type\":\"Organization\",\"@id\":\"https:\\\/\\\/campingaupaysdehanau.com\\\/#organization\",\"name\":\"CAMPING AU PAYS DE HANAU\",\"alternateName\":\"CAMPING DOSSENHEIM\",\"url\":\"https:\\\/\\\/campingaupaysdehanau.com\\\/\",\"logo\":{\"@type\":\"ImageObject\",\"inLanguage\":\"en-GB\",\"@id\":\"https:\\\/\\\/campingaupaysdehanau.com\\\/#\\\/schema\\\/logo\\\/image\\\/\",\"url\":\"https:\\\/\\\/campingaupaysdehanau.com\\\/wp-content\\\/uploads\\\/2022\\\/09\\\/Logo-camping-APDH_1920x1357_cropped.png\",\"contentUrl\":\"https:\\\/\\\/campingaupaysdehanau.com\\\/wp-content\\\/uploads\\\/2022\\\/09\\\/Logo-camping-APDH_1920x1357_cropped.png\",\"width\":1024,\"height\":724,\"caption\":\"CAMPING AU PAYS DE HANAU\"},\"image\":{\"@id\":\"https:\\\/\\\/campingaupaysdehanau.com\\\/#\\\/schema\\\/logo\\\/image\\\/\"},\"sameAs\":[\"https:\\\/\\\/fr-fr.facebook.com\\\/CampingAuPaysdeHanau\\\/\",\"https:\\\/\\\/www.instagram.com\\\/campingaupaysdehanau\\\/profilecard\\\/?igsh=NmpqMmFndmZxaXlu\"]}]}<\/script>\n<!-- \/ Yoast SEO plugin. -->","yoast_head_json":{"title":"Contact email, t\u00e9l\u00e9phone, adresse du Camping au Pays de Hanau","description":"Voulez-vous nous contacter? \u00c9crivez-nous ou appelez! La carte vous aidera \u00e0 trouver notre camping. Voici notre adresse.","robots":{"index":"index","follow":"follow","max-snippet":"max-snippet:-1","max-image-preview":"max-image-preview:large","max-video-preview":"max-video-preview:-1"},"canonical":"https:\/\/campingaupaysdehanau.com\/en\/contact\/","og_locale":"en_GB","og_type":"article","og_title":"Contact email, t\u00e9l\u00e9phone, adresse du Camping au Pays de Hanau","og_description":"Voulez-vous nous contacter? \u00c9crivez-nous ou appelez! La carte vous aidera \u00e0 trouver notre camping. Voici notre adresse.","og_url":"https:\/\/campingaupaysdehanau.com\/en\/contact\/","og_site_name":"CAMPING AU PAYS DE HANAU","article_publisher":"https:\/\/fr-fr.facebook.com\/CampingAuPaysdeHanau\/","article_modified_time":"2026-04-10T15:30:42+00:00","og_image":[{"width":1264,"height":844,"url":"https:\/\/campingaupaysdehanau.com\/wp-content\/uploads\/2022\/10\/Chalet1_CampingDossenheim.jpg","type":"image\/jpeg"}],"twitter_card":"summary_large_image","twitter_misc":{"Estimated reading time":"1 minute"},"schema":{"@context":"https:\/\/schema.org","@graph":[{"@type":"WebPage","@id":"https:\/\/campingaupaysdehanau.com\/contact\/","url":"https:\/\/campingaupaysdehanau.com\/contact\/","name":"Contact email, t\u00e9l\u00e9phone, adresse du Camping au Pays de Hanau","isPartOf":{"@id":"https:\/\/campingaupaysdehanau.com\/#website"},"datePublished":"2017-01-06T14:25:48+00:00","dateModified":"2026-04-10T15:30:42+00:00","description":"Voulez-vous nous contacter? \u00c9crivez-nous ou appelez! La carte vous aidera \u00e0 trouver notre camping. Voici notre adresse.","breadcrumb":{"@id":"https:\/\/campingaupaysdehanau.com\/contact\/#breadcrumb"},"inLanguage":"en-GB","potentialAction":[{"@type":"ReadAction","target":["https:\/\/campingaupaysdehanau.com\/contact\/"]}]},{"@type":"BreadcrumbList","@id":"https:\/\/campingaupaysdehanau.com\/contact\/#breadcrumb","itemListElement":[{"@type":"ListItem","position":1,"name":"Home","item":"https:\/\/campingaupaysdehanau.com\/"},{"@type":"ListItem","position":2,"name":"Contact"}]},{"@type":"WebSite","@id":"https:\/\/campingaupaysdehanau.com\/#website","url":"https:\/\/campingaupaysdehanau.com\/","name":"CAMPING AU PAYS DE HANAU Alsace Vosges du Nord","description":"SEJOUR NATURE EN ALSACE VOSGES DU NORD","publisher":{"@id":"https:\/\/campingaupaysdehanau.com\/#organization"},"alternateName":"CAMPING DOSSENHEIM","potentialAction":[{"@type":"SearchAction","target":{"@type":"EntryPoint","urlTemplate":"https:\/\/campingaupaysdehanau.com\/?s={search_term_string}"},"query-input":{"@type":"PropertyValueSpecification","valueRequired":true,"valueName":"search_term_string"}}],"inLanguage":"en-GB"},{"@type":"Organization","@id":"https:\/\/campingaupaysdehanau.com\/#organization","name":"CAMPING AU PAYS DE HANAU","alternateName":"CAMPING DOSSENHEIM","url":"https:\/\/campingaupaysdehanau.com\/","logo":{"@type":"ImageObject","inLanguage":"en-GB","@id":"https:\/\/campingaupaysdehanau.com\/#\/schema\/logo\/image\/","url":"https:\/\/campingaupaysdehanau.com\/wp-content\/uploads\/2022\/09\/Logo-camping-APDH_1920x1357_cropped.png","contentUrl":"https:\/\/campingaupaysdehanau.com\/wp-content\/uploads\/2022\/09\/Logo-camping-APDH_1920x1357_cropped.png","width":1024,"height":724,"caption":"CAMPING AU PAYS DE HANAU"},"image":{"@id":"https:\/\/campingaupaysdehanau.com\/#\/schema\/logo\/image\/"},"sameAs":["https:\/\/fr-fr.facebook.com\/CampingAuPaysdeHanau\/","https:\/\/www.instagram.com\/campingaupaysdehanau\/profilecard\/?igsh=NmpqMmFndmZxaXlu"]}]}},"_links":{"self":[{"href":"https:\/\/campingaupaysdehanau.com\/en\/wp-json\/wp\/v2\/pages\/1420","targetHints":{"allow":["GET"]}}],"collection":[{"href":"https:\/\/campingaupaysdehanau.com\/en\/wp-json\/wp\/v2\/pages"}],"about":[{"href":"https:\/\/campingaupaysdehanau.com\/en\/wp-json\/wp\/v2\/types\/page"}],"author":[{"embeddable":true,"href":"https:\/\/campingaupaysdehanau.com\/en\/wp-json\/wp\/v2\/users\/1"}],"replies":[{"embeddable":true,"href":"https:\/\/campingaupaysdehanau.com\/en\/wp-json\/wp\/v2\/comments?post=1420"}],"version-history":[{"count":0,"href":"https:\/\/campingaupaysdehanau.com\/en\/wp-json\/wp\/v2\/pages\/1420\/revisions"}],"wp:attachment":[{"href":"https:\/\/campingaupaysdehanau.com\/en\/wp-json\/wp\/v2\/media?parent=1420"}],"curies":[{"name":"wp","href":"https:\/\/api.w.org\/{rel}","templated":true}]}}